{"id":12,"date":"2011-09-30T15:23:48","date_gmt":"2011-09-30T13:23:48","guid":{"rendered":"http:\/\/jhahn.de\/?page_id=12"},"modified":"2024-06-25T08:35:18","modified_gmt":"2024-06-25T06:35:18","slug":"impressum","status":"publish","type":"page","link":"https:\/\/jhahn.de\/?page_id=12","title":{"rendered":"Impressum"},"content":{"rendered":"<h2>IMPRESSUM<\/h2>\n<p>Juergen Hahn (V.i.S.d.P)<br \/>\nOetschmannweg 14<br \/>\n81369 Muenchen<br \/>\nGermany<\/p>\n<p>Tel: +49 (89) 670 99 535<br \/>\nFax: +49 (89) 670 99 536<\/p>\n<p>E-Mail: jh@jhahn.de<br \/>\nInternet: http:\/\/jhahn.de<br \/>\nTwitter: @jhahnde<\/p>\n<p>InhaltlichVerantwortlich (\u00a710\/Abs 3 MDStV): Juergen Hahn (Anschrift wie oben)<\/p>\n<p><span style=\"text-decoration: underline;\">Copyright<\/span>:<br \/>\nS\u00e4mtliche auf dieser Seite (jhahn.de) ver\u00f6ffentlichen Inhalte sind urheberrechtlich gesch\u00fctzt. Der Urheber beh\u00e4lt sich vor, die Nutzungsrechte einzuschr\u00e4nken oder zu erweitern.<\/p>\n<p><span style=\"text-decoration: underline;\">Haftungsausschluss<\/span>:<br \/>\nTrotz sorgf\u00e4ltiger inhaltlicher Kontrolle \u00fcbernehme ich keine Haftung f\u00fcr die Inhalte externer Links.<br \/>\nF\u00fcr den Inhalt der verlinkten Seiten sind ausschlie\u00dflich deren Betreiber verantwortlich.<\/p>\n<p>&nbsp;<\/p>\n<h2>Blog Disclaimer:<\/h2>\n<p>Use the Information I provide at their own risk.<\/p>\n<p>The contend of this blog is copyrighted and it may not be used, reprinted, or published without my written permission.<\/p>\n<p>Articles in this blog are my personal opinon and not releated to my employer.<\/p>\n<p><em>Privacy<\/em><br \/>\nThe owner of this blog does not share personal information with third-parties nor does the owner store information is collected about your visit for use other than to analyze content performance through the use of cookies, which you can turn off at anytime by modifying your Internet browser\u2019s settings. The owner is not responsible for the republishing of the content found on this blog on other Web sites or media without permission.<\/p>\n<p><em>Blog Comments<\/em><br \/>\nThe owner of this blog reserves the right to edit or delete any comments submitted to this blog without notice due to;<\/p>\n<p>1. Comments deemed to be spam or questionable spam<br \/>\n2. Comments including profanity<br \/>\n3. Comments containing language or concepts that could be deemed offensive<br \/>\n4. Comments that attack a person individually<\/p>\n<p><em>Terms and Conditions<\/em><br \/>\nAll content provided on this blog is for informational purposes only. The owner of this blog makes no representations as to the accuracy or completeness of any information on this site or found by following any link on this site. The owner will not be liable for any errors or omissions in this information nor for the availability of this information. The owner will not be liable for any losses, injuries, or damages from the display or use of this information.<\/p>\n<p>This policy is subject to change at anytime.<\/p>\n","protected":false},"excerpt":{"rendered":"<p>IMPRESSUM Juergen Hahn (V.i.S.d.P) Oetschmannweg 14 81369 Muenchen Germany Tel: +49 (89) 670 99 535 Fax: +49 (89) 670 99 536 E-Mail: jh@jhahn.de Internet: http:\/\/jhahn.de Twitter: @jhahnde InhaltlichVerantwortlich (\u00a710\/Abs 3 MDStV): Juergen Hahn (Anschrift wie oben) Copyright: S\u00e4mtliche auf dieser Seite (jhahn.de) ver\u00f6ffentlichen Inhalte sind urheberrechtlich gesch\u00fctzt. Der Urheber beh\u00e4lt sich vor, die Nutzungsrechte einzuschr\u00e4nken [&hellip;]<\/p>\n","protected":false},"author":1,"featured_media":0,"parent":0,"menu_order":0,"comment_status":"closed","ping_status":"open","template":"","meta":{"footnotes":""},"class_list":["post-12","page","type-page","status-publish","hentry"],"_links":{"self":[{"href":"https:\/\/jhahn.de\/index.php?rest_route=\/wp\/v2\/pages\/12","targetHints":{"allow":["GET"]}}],"collection":[{"href":"https:\/\/jhahn.de\/index.php?rest_route=\/wp\/v2\/pages"}],"about":[{"href":"https:\/\/jhahn.de\/index.php?rest_route=\/wp\/v2\/types\/page"}],"author":[{"embeddable":true,"href":"https:\/\/jhahn.de\/index.php?rest_route=\/wp\/v2\/users\/1"}],"replies":[{"embeddable":true,"href":"https:\/\/jhahn.de\/index.php?rest_route=%2Fwp%2Fv2%2Fcomments&post=12"}],"version-history":[{"count":9,"href":"https:\/\/jhahn.de\/index.php?rest_route=\/wp\/v2\/pages\/12\/revisions"}],"predecessor-version":[{"id":141,"href":"https:\/\/jhahn.de\/index.php?rest_route=\/wp\/v2\/pages\/12\/revisions\/141"}],"wp:attachment":[{"href":"https:\/\/jhahn.de\/index.php?rest_route=%2Fwp%2Fv2%2Fmedia&parent=12"}],"curies":[{"name":"wp","href":"https:\/\/api.w.org\/{rel}","templated":true}]}}